{"id":621,"date":"2021-06-15T09:59:35","date_gmt":"2021-06-15T16:59:35","guid":{"rendered":"https:\/\/franchisesales.c21.ca\/strategic-partners"},"modified":"2023-01-05T14:06:40","modified_gmt":"2023-01-05T22:06:40","slug":"partenariats-strategiques","status":"publish","type":"page","link":"https:\/\/franchisesales.c21.ca\/fr-ca\/partenariats-strategiques","title":{"rendered":"Partenariats strat\u00e9giques"},"content":{"rendered":"\n<h1>\n\t\tPARTENAIRES STRAT\u00c9GIQUES\n\t<\/h1>\n\t<p>Vous souhaitez b\u00e9n\u00e9ficier du soutien des meilleures entreprises du monde? Pas de probl\u00e8me!<\/p>\n<h2>\n\t\tPartenariats C21\n\t<\/h2>\n\t<h3>Nous avons cr\u00e9\u00e9 des partenariats avec de nombreuses organisations incroyables qui vous r\u00e9compensent pour votre appartenance \u00e0 C21!<\/h3>\n\t\t\t\t<img decoding=\"async\" src=\"https:\/\/www.c21.ca\/files\/2021\/06\/Zillow-1.png\" alt=\"Zillow\" itemprop=\"image\" height=\"900\" width=\"1800\" title=\"Zillow\" onerror=\"this.style.display='none'\"  \/>\n\t<p>Le groupe Zillow d\u00e9tient les marques immobili\u00e8res et li\u00e9es \u00e0 l&#8217;habitation les plus importantes sur le Web et les appareils mobiles. Cent quatre-vingt-six millions d&#8217;utilisateurs uniques visitent les applications mobiles et les sites Web des marques du groupe Zillow chaque mois.<\/p>\n\t\t\t\t<img decoding=\"async\" src=\"https:\/\/www.c21.ca\/files\/2021\/06\/Back-At-You-Media.png\" alt=\"Back At You Media\" itemprop=\"image\" height=\"900\" width=\"1800\" title=\"Back-At-You-Media\" onerror=\"this.style.display='none'\"  \/>\n\t<p>Back at You Media est un chef de file en mati\u00e8re de plateformes de programmation de m\u00e9dias sociaux qui fournit aux courtiers un contenu original et leur permet de capter des clients potentiels.<\/p>\n\t\t\t\t<img decoding=\"async\" src=\"https:\/\/www.c21.ca\/files\/2021\/06\/MoxiWorks.png\" alt=\"MoxiWorks\" itemprop=\"image\" height=\"900\" width=\"1800\" title=\"MoxiWorks\" onerror=\"this.style.display='none'\"  \/>\n\t<p>MoxiWorks aide les agents et les courtiers \u00e0 vendre davantage de propri\u00e9t\u00e9s ensemble gr\u00e2ce \u00e0 une technologie qui leur facilite la vie. L&#8217;entreprise a fait ses preuves, avec un taux de fid\u00e9lisation de la client\u00e8le de 96\u00a0% au cours des sept derni\u00e8res ann\u00e9es.<\/p>\n\t\t\t\t<img decoding=\"async\" src=\"https:\/\/franchisesales.c21.ca\/files\/2022\/03\/Testimonial-tree-logo.png\" alt=\"Testimonial tree logo\" itemprop=\"image\" height=\"375\" width=\"1936\" title=\"Testimonial tree logo\" onerror=\"this.style.display='none'\"  \/>\n\t<p>Testimonial Tree vous permet de recueillir et de g\u00e9rer les t\u00e9moignages de vos clients, puis de diffuser facilement les r\u00e9sultats en ligne.<\/p>\n\t\t\t\t<img decoding=\"async\" src=\"https:\/\/www.c21.ca\/files\/2021\/06\/BombBomb-1.png\" alt=\"BombBomb\" itemprop=\"image\" height=\"900\" width=\"1800\" title=\"BombBomb\" onerror=\"this.style.display='none'\"  \/>\n\t<p>BombBomb est une plateforme de messagerie vid\u00e9o en face \u00e0 face. Il est prouv\u00e9 que les messages vid\u00e9o augmentent l&#8217;engagement et les taux d&#8217;ouverture, ce qui permet de convertir davantage de courtiers \u00e0 votre entreprise.<\/p>\n\t\t\t\t<img decoding=\"async\" src=\"https:\/\/franchisesales.c21.ca\/files\/2022\/11\/Virtual-Tours_Logo.jpg\" alt=\"C21 Virtual Tours, powered by EyeSpy360\" itemprop=\"image\" height=\"536\" width=\"1078\" title=\"Virtual-Tours_Logo\" onerror=\"this.style.display='none'\"  \/>\n\t<p>Les visites virtuelles C21, optimis\u00e9es par EyeSpy360, proposent des visites virtuelles 360\u00b0 \u00e0 distance avec un chat vid\u00e9o int\u00e9gr\u00e9, mod\u00e8les 3D et plans d&#8217;\u00e9tage, le tout avec la marque C21 facile \u00e0 cr\u00e9er et pr\u00eate \u00e0 partager avec vos clients.<\/p>\n<p>&nbsp;<\/p>\n\t\t\t\t<img decoding=\"async\" src=\"https:\/\/www.c21.ca\/files\/2021\/06\/Clarkes2.png\" alt=\"Clarkes\" itemprop=\"image\" height=\"900\" width=\"1800\" title=\"Clarkes2\" onerror=\"this.style.display='none'\"  \/>\n\t\t\t\t<img decoding=\"async\" src=\"https:\/\/www.c21.ca\/files\/2021\/06\/RVC-1.png\" alt=\"RVC\" itemprop=\"image\" height=\"900\" width=\"1800\" title=\"RVC\" onerror=\"this.style.display='none'\"  \/>\n\t\t\t\t<img decoding=\"async\" src=\"https:\/\/franchisesales.c21.ca\/files\/2022\/11\/ABCHI-Logo.png\" alt=\"A Buyer's Choice Home Inspections\" itemprop=\"image\" height=\"200\" width=\"340\" title=\"ABCHI Logo\" onerror=\"this.style.display='none'\"  \/>\n\t\t\t\t<img decoding=\"async\" src=\"https:\/\/franchisesales.c21.ca\/files\/2022\/11\/avp-logo-horiz-2col-rgb.png\" alt=\"Apple Valley Promotions\" itemprop=\"image\" height=\"345\" width=\"1500\" title=\"avp-logo-horiz-2col-rgb\" onerror=\"this.style.display='none'\"  \/>\n\t\t\t\t<img decoding=\"async\" src=\"https:\/\/www.c21.ca\/files\/2021\/06\/SuperImpression-1.png\" alt=\"SuperImpression\" itemprop=\"image\" height=\"900\" width=\"1800\" title=\"SuperImpression\" onerror=\"this.style.display='none'\"  \/>\n\t\t\t\t<img decoding=\"async\" src=\"https:\/\/www.c21.ca\/files\/2021\/06\/UPS.png\" alt=\"UPS\" itemprop=\"image\" height=\"900\" width=\"1800\" title=\"UPS\" onerror=\"this.style.display='none'\"  \/>\n\t\t\t<a href=\"https:\/\/franchisesales.c21.ca\/fr-ca\/nos-gens\" target=\"_self\" role=\"button\" rel=\"noopener\">\n\t\t\t\t\t\t\tSUIVANT : NOS GENS\n\t\t\t\t\t<\/a>\n<h2>\n\t\tPOURQUOI CHOISIR C21?\n\t<\/h2>\n<h2>\n\t\tJoignez-vous \u00e0\n\t<\/h2>\n<h2>\n\t\tnous et visez l&#8217;or.\n\t<\/h2>\n\t<h3>Communiquez avec l&#8217;un de nos repr\u00e9sentants du service aux franchises aujourd&#8217;hui.<\/h3>\n\t\t\t<a href=\"https:\/\/franchisesales.c21.ca\/fr-ca\/parlons-en\" target=\"_self\" role=\"button\" rel=\"noopener\">\n\t\t\t\t\t\t\tCOMMENCER\n\t\t\t\t\t<\/a>\n<h2>\n\t\tJoignez-vous \u00e0 nous et visez l&#8217;or.\n\t<\/h2>\n\t<h3>Communiquez avec l&#8217;un de nos repr\u00e9sentants du service aux franchises aujourd&#8217;hui.<\/h3>\n\t\t\t<a href=\"http:\/\/franchisesales.c21.ca\/letstalk\" target=\"_self\" role=\"button\" rel=\"noopener\">\n\t\t\t\t\t\t\tCOMMENCER\n\t\t\t\t\t<\/a>\n\n","protected":false},"excerpt":{"rendered":"<p>PARTENAIRES STRAT\u00c9GIQUES Vous souhaitez b\u00e9n\u00e9ficier du soutien des meilleures entreprises du monde? Pas de probl\u00e8me! Partenariats C21 Nous avons cr\u00e9\u00e9 des partenariats avec de nombreuses organisations incroyables qui vous r\u00e9compensent pour votre appartenance \u00e0 C21! Le groupe Zillow d\u00e9tient les marques immobili\u00e8res et li\u00e9es \u00e0 l&#8217;habitation les plus importantes sur le Web et les appareils [&hellip;]<\/p>\n","protected":false},"author":2,"featured_media":0,"parent":0,"menu_order":0,"comment_status":"closed","ping_status":"closed","template":"","meta":{"footnotes":""},"class_list":["post-621","page","type-page","status-publish","hentry"],"_links":{"self":[{"href":"https:\/\/franchisesales.c21.ca\/fr-ca\/wp-json\/wp\/v2\/pages\/621","targetHints":{"allow":["GET"]}}],"collection":[{"href":"https:\/\/franchisesales.c21.ca\/fr-ca\/wp-json\/wp\/v2\/pages"}],"about":[{"href":"https:\/\/franchisesales.c21.ca\/fr-ca\/wp-json\/wp\/v2\/types\/page"}],"author":[{"embeddable":true,"href":"https:\/\/franchisesales.c21.ca\/fr-ca\/wp-json\/wp\/v2\/users\/2"}],"replies":[{"embeddable":true,"href":"https:\/\/franchisesales.c21.ca\/fr-ca\/wp-json\/wp\/v2\/comments?post=621"}],"version-history":[{"count":8,"href":"https:\/\/franchisesales.c21.ca\/fr-ca\/wp-json\/wp\/v2\/pages\/621\/revisions"}],"predecessor-version":[{"id":898,"href":"https:\/\/franchisesales.c21.ca\/fr-ca\/wp-json\/wp\/v2\/pages\/621\/revisions\/898"}],"wp:attachment":[{"href":"https:\/\/franchisesales.c21.ca\/fr-ca\/wp-json\/wp\/v2\/media?parent=621"}],"curies":[{"name":"wp","href":"https:\/\/api.w.org\/{rel}","templated":true}]}}