{"id":627,"date":"2021-06-15T10:12:31","date_gmt":"2021-06-15T17:12:31","guid":{"rendered":"https:\/\/franchisesales.c21.ca\/meet-the-team"},"modified":"2025-12-01T11:45:09","modified_gmt":"2025-12-01T19:45:09","slug":"faites-la-connaissance-de-lequipe","status":"publish","type":"page","link":"https:\/\/franchisesales.c21.ca\/fr-ca\/faites-la-connaissance-de-lequipe","title":{"rendered":"Faites la connaissance de l\u2019\u00e9quipe"},"content":{"rendered":"\n<h2>\n\t\tL&#8217;\u00e9quipe de direction de C21 \u00e0 l&#8217;\u00e9chelle du Canada\n\t<\/h2>\n\t<p>L&#8217;\u00e9quipe de direction de C21 apporte une richesse combin\u00e9e de connaissances et d&#8217;exp\u00e9riences pour mieux servir votre entreprise.<\/p>\n\t\t\t\t<img decoding=\"async\" src=\"https:\/\/franchisesales.c21.ca\/files\/bb-plugin\/cache\/U.-GARY-CHARLWOOD-circle.jpeg\" alt=\"U. GARY CHARLWOOD, Executive Chairman\" title=\"U. GARY CHARLWOOD\" itemprop=\"image\"\/>\n\t\t<h5>U. Gary Charlwood <\/h5><h3>PR\u00c9SIDENT DIRECTEUR<\/h3>\t\t\t\n\t\t\t\t<img decoding=\"async\" src=\"https:\/\/franchisesales.c21.ca\/files\/bb-plugin\/cache\/MHC-cropped-JDO_0328-copy-scaled-circle.jpg\" alt=\"MARTIN CHARLWOOD, President &amp; CEO\" title=\"MHC cropped JDO_0328 copy\" itemprop=\"image\"\/>\n\t\t<h5>Martin Charlwood <\/h5><h3>PR\u00c9SIDENT ET DIRECTEUR G\u00c9N\u00c9RAL\u202f<\/h3>\t\t\t\n\t\t\t\t<img decoding=\"async\" src=\"https:\/\/franchisesales.c21.ca\/files\/bb-plugin\/cache\/tracybartram-circle.jpeg\" alt=\"\" title=\"\" itemprop=\"image\"\/>\n\t\t<h5>Tracey Bartram <\/h5><h3>VICE-PR\u00c9SIDENTE DIRECTRICE ET DIRECTRICE FINANCI\u00c8RE <\/h3>\t\t\t\n\t\t\t\t<img decoding=\"async\" src=\"https:\/\/franchisesales.c21.ca\/files\/bb-plugin\/cache\/TODD-SHYIAK-circle.png\" alt=\"TODD SHYIAK, Executive Vice President\" title=\"TODD-SHYIAK\" itemprop=\"image\"\/>\n\t\t<h5>Todd Shyiak <\/h5><h3>VICE-PR\u00c9SIDENT DIRECTEUR<\/h3>\t\t\t\n\t\t\t\t<img decoding=\"async\" src=\"https:\/\/franchisesales.c21.ca\/files\/bb-plugin\/cache\/GARY-ZALEPA-circle.png\" alt=\"GARY ZALEPA Senior Vice President, Network Development\" title=\"GARY-ZALEPA\" itemprop=\"image\"\/>\n\t\t<h5>Gary Zalepa<\/h5><h3>VICE-PR\u00c9SIDENT PRINCIPAL, D\u00c9VELOPPEMENT DU R\u00c9SEAU<\/h3>\t\t\t\n\t\t\t\t<img decoding=\"async\" src=\"https:\/\/franchisesales.c21.ca\/files\/bb-plugin\/cache\/TONY-MAYALL-circle.png\" alt=\"TONY MAYALL Vice President, Operations\" title=\"TONY-MAYALL\" itemprop=\"image\"\/>\n\t\t<h5>Tony Mayall <\/h5><h3>VICE-PR\u00c9SIDENT, EXPLOITATION <\/h3>\t\t\t\n\t\t\t\t<img decoding=\"async\" src=\"https:\/\/franchisesales.c21.ca\/files\/bb-plugin\/cache\/LEIGH-KJEKSTAD-circle.png\" alt=\"LEIGH KJEKSTAD Vice President, Marketing\" title=\"LEIGH-KJEKSTAD\" itemprop=\"image\"\/>\n\t\t<h5>Leigh Kjekstad<\/h5><h3>VICE-PR\u00c9SIDENTE, MARKETING <\/h3>\t\t\t\n\t\t\t\t<img decoding=\"async\" src=\"https:\/\/franchisesales.c21.ca\/files\/bb-plugin\/cache\/Sebastien-Bonnerot_Circle-circle.png\" alt=\"Sebastien Bonnerot\" title=\"Sebastien Bonnerot_Circle\" itemprop=\"image\"\/>\n\t\t<h5>S\u00e9bastien Bonnerot<\/h5><h3>VICE-PR\u00c9SIDENT PRINCIPAL, CROISSANCE STRAT\u00c9GIQUE<\/h3>\t\t\t\n\t\t\t\t<img decoding=\"async\" src=\"https:\/\/franchisesales.c21.ca\/files\/bb-plugin\/cache\/Deb_headshot-circle.jpeg\" alt=\"\" title=\"\" itemprop=\"image\"\/>\n\t\t<h5>Deborah White, CPA, CGA<\/h5><h3>VICE-PR\u00c9SIDENTE, FINANCE<\/h3>\t\t\t\n\t\t\t\t<img decoding=\"async\" src=\"https:\/\/franchisesales.c21.ca\/files\/2025\/08\/T3_Sixty-300x300-1.png\" alt=\"T3_Sixty-300x300\" title=\"T3_Sixty-300x300\" itemprop=\"image\"\/>\n\t\t<h5>T3 Sixty<\/h5><h3>CONSEILLER EN TECHNOLOGIE <\/h3>\t\t\t\n\n","protected":false},"excerpt":{"rendered":"<p>L&#8217;\u00e9quipe de direction de C21 \u00e0 l&#8217;\u00e9chelle du Canada L&#8217;\u00e9quipe de direction de C21 apporte une richesse combin\u00e9e de connaissances et d&#8217;exp\u00e9riences pour mieux servir votre entreprise. U. Gary Charlwood PR\u00c9SIDENT DIRECTEUR Martin Charlwood PR\u00c9SIDENT ET DIRECTEUR G\u00c9N\u00c9RAL\u202f Tracey Bartram VICE-PR\u00c9SIDENTE DIRECTRICE ET DIRECTRICE FINANCI\u00c8RE Todd Shyiak VICE-PR\u00c9SIDENT DIRECTEUR Gary Zalepa VICE-PR\u00c9SIDENT PRINCIPAL, D\u00c9VELOPPEMENT DU [&hellip;]<\/p>\n","protected":false},"author":2,"featured_media":0,"parent":0,"menu_order":0,"comment_status":"closed","ping_status":"closed","template":"","meta":{"footnotes":""},"class_list":["post-627","page","type-page","status-publish","hentry"],"_links":{"self":[{"href":"https:\/\/franchisesales.c21.ca\/fr-ca\/wp-json\/wp\/v2\/pages\/627","targetHints":{"allow":["GET"]}}],"collection":[{"href":"https:\/\/franchisesales.c21.ca\/fr-ca\/wp-json\/wp\/v2\/pages"}],"about":[{"href":"https:\/\/franchisesales.c21.ca\/fr-ca\/wp-json\/wp\/v2\/types\/page"}],"author":[{"embeddable":true,"href":"https:\/\/franchisesales.c21.ca\/fr-ca\/wp-json\/wp\/v2\/users\/2"}],"replies":[{"embeddable":true,"href":"https:\/\/franchisesales.c21.ca\/fr-ca\/wp-json\/wp\/v2\/comments?post=627"}],"version-history":[{"count":15,"href":"https:\/\/franchisesales.c21.ca\/fr-ca\/wp-json\/wp\/v2\/pages\/627\/revisions"}],"predecessor-version":[{"id":1120,"href":"https:\/\/franchisesales.c21.ca\/fr-ca\/wp-json\/wp\/v2\/pages\/627\/revisions\/1120"}],"wp:attachment":[{"href":"https:\/\/franchisesales.c21.ca\/fr-ca\/wp-json\/wp\/v2\/media?parent=627"}],"curies":[{"name":"wp","href":"https:\/\/api.w.org\/{rel}","templated":true}]}}