{"id":631,"date":"2021-06-15T10:02:21","date_gmt":"2021-06-15T17:02:21","guid":{"rendered":"https:\/\/franchisesales.c21.ca\/next-steps"},"modified":"2022-05-19T15:32:55","modified_gmt":"2022-05-19T22:32:55","slug":"prochaines-etapes","status":"publish","type":"page","link":"https:\/\/franchisesales.c21.ca\/fr-ca\/prochaines-etapes","title":{"rendered":"Prochaines \u00e9tapes"},"content":{"rendered":"\n<h1>\n\t\tNOUS AVONS R\u00c9SERV\u00c9 LE MEILLEUR POUR LA FIN\n\t<\/h1>\n\t<p>Voici les prochaines \u00e9tapes<\/p>\n\t<ul>\n\t\t<li>\t\t\t\t\n\t\t<h3>\u00c9TAPE 1 :<\/h3><p><strong>Demande de franchise :<\/strong>\u00a0\u00c7a commence par la demande d&#8217;acquisition de franchise! Le formulaire de demande de franchise est accessible en format PDF et est imprimable sur demande. Il s&#8217;agit d&#8217;une belle occasion pour vous de vous pr\u00e9senter et pour nous de conna\u00eetre vos objectifs d&#8217;affaires immobili\u00e8res.<\/p><\/li><li>\t\t\t\t\n\t\t<h3>\u00c9TAPE 2 :<\/h3><p><strong>Document de travail sur l&#8217;acquisition d&#8217;une franchise<\/strong>\u00a0: Parfait, on a commenc\u00e9 de bon pied, alors passons \u00e0 la prochaine \u00e9tape. Le document de travail sur l&#8217;acquisition d&#8217;une franchise (comme une proposition) explique toute l&#8217;information pertinente requise pour d\u00e9marrer votre organisation au sein du R\u00e9seau CENTURY\u00a021\u00a0Canada. Continuons la discussion!<\/p><\/li><li>\t\t\t\t\n\t\t<h3>\u00c9TAPE 3 :<\/h3><p><strong>Document d&#8217;information sur la franchise (DIF)\u00a0:<\/strong>\u00a0La partie technique du processus, il s&#8217;agit des documents d&#8217;information et de la paperasse. Au Canada, les lois sur le franchisage pr\u00e9voient une p\u00e9riode de gr\u00e2ce de 14\u00a0jours pour les \u00e9ventuels franchis\u00e9s. Nous avons r\u00e9serv\u00e9 la meilleure partie pour la fin!<\/p><\/li><li>\t\t\t\t\n\t\t<h3>\u00c9TAPE 4 :<\/h3><p><strong>La trousse officielle du contrat de franchise :<\/strong>\u00a0Le grand jour est arriv\u00e9! Passez en revue et signez la trousse officielle du contrat de franchise! C&#8217;est le temps de c\u00e9l\u00e9brer au champagne et de couper le g\u00e2teau! Vous venez d&#8217;acqu\u00e9rir une franchise!<\/p><\/li>\t<\/ul>\n\t\t\t<a href=\"https:\/\/franchisesales.c21.ca\/fr-ca\/parlons-en\" target=\"_self\" role=\"button\" rel=\"noopener\">\n\t\t\t\t\t\t COMMEN\u00c7ONS\n\t\t\t\t\t<\/a>\n\t<p>Pourquoi choisir C21?<\/p>\n\t<p>\u00ab\u2009J&#8217;ai travaill\u00e9 dans la gestion d&#8217;un commerce de d\u00e9tail pendant 10\u00a0ans avant de commencer dans l&#8217;immobilier. C&#8217;est une industrie dynamique, sans limites. J&#8217;ai choisi CENTURY\u00a021 en raison de la r\u00e9putation de sa marque, de la formation pratique et de l&#8217;environnement familial.\u2009\u00bb<\/p>\n\t\t\t\t<img decoding=\"async\" src=\"https:\/\/franchisesales.c21.ca\/files\/bb-plugin\/cache\/pic28080-circle.jpeg\" alt=\"pic28080\" title=\"pic28080\" itemprop=\"image\"  \/>\n\t<p>Eryn Richardson | Dirigeant<\/p>\n\t<p>CENTURY\u00a021 Heritage Group Ltd.<\/p>\n<h2>\n\t\tFAQ\n\t<\/h2>\n\t\t\t\t\t\t<h4 tabindex=\"0\">Quels sont les frais initiaux ponctuels d&#8217;acquisition de franchise?<\/h4>\n\t\t\t<p>Les frais d&#8217;acquisition de franchise de 21\u2009000\u00a0$ comprennent nos programmes de d\u00e9veloppement d&#8217;affaires, notre technologie chef de file et notre soutien publicitaire et de recrutement. Sur certains march\u00e9s, les frais s&#8217;\u00e9l\u00e8vent \u00e0 10\u2009500\u00a0$. Communiquez avec l&#8217;un de nos repr\u00e9sentants du service aux franchises pour conna\u00eetre les sp\u00e9cificit\u00e9s de votre march\u00e9.<\/p>\n\t\t\t\t\t\t<h4 tabindex=\"0\">Quels sont les frais courants exigibles pendant la dur\u00e9e du contrat de franchise?<\/h4>\n\t\t\t<p>Il y a quatre \u00e9l\u00e9ments et les frais varient selon le march\u00e9. Nous vous encourageons \u00e0 communiquer avec l&#8217;un de nos repr\u00e9sentants du service aux franchises pour conna\u00eetre les sp\u00e9cificit\u00e9s de votre march\u00e9.<\/p>\n\t\t\t\t\t\t<h4 tabindex=\"0\">Quelle est la dur\u00e9e du contrat de franchise?<\/h4>\n<p>La dur\u00e9e de notre contrat de franchise est de 10\u00a0ans, ce qui nous permet d&#8217;\u00e9tablir une relation professionnelle solide. Nous deviendrons les meilleurs amis du monde en moins de deux!<\/p>\n\t\t\t\t\t\t<h4 tabindex=\"0\">Combien de temps dure le processus?<\/h4>\n<p>Le processus n\u00e9cessite au moins 30\u00a0jours. G\u00e9n\u00e9ralement, de la r\u00e9ception de la demande initiale \u00e0 la signature du contrat, le processus prend de 60 \u00e0 90\u00a0jours. Faire de bonnes affaires est un art.<\/p>\n\t\t\t\t\t\t<h4 tabindex=\"0\">Dois-je \u00eatre un courtier immobilier agr\u00e9\u00e9 au Canada? (p. ex., un dirigeant d&#8217;agence)<\/h4>\n\t\t\t<p>Eh bien oui! Nous vous recommandons d&#8217;avoir un permis d&#8217;exercice de courtier immobilier et de dirigeant d&#8217;agence (p. ex., d\u00e9signations de l&#8217;Organisme d&#8217;autor\u00e9glementation du courtage immobilier du Qu\u00e9bec (OACIQ)).<br \/><strong>Solution de rechange\u00a0:<\/strong> Si vous ne poss\u00e9dez pas de permis d&#8217;exercice, vous pourriez embaucher un dirigeant d&#8217;agence qui s&#8217;occuperait de l&#8217;exploitation quotidienne de votre entreprise en votre nom.<\/p>\n<h2>\n\t\tPOURQUOI CHOISIR C21?\n\t<\/h2>\n<h2>\n\t\tJoignez-vous \u00e0\n\t<\/h2>\n<h2>\n\t\tnous et visez l&#8217;or.\n\t<\/h2>\n\t<h3>Communiquez avec l&#8217;un de nos repr\u00e9sentants du service aux franchises aujourd&#8217;hui.<\/h3>\n\t\t\t<a href=\"https:\/\/franchisesales.c21.ca\/fr-ca\/parlons-en\" target=\"_self\" role=\"button\" rel=\"noopener\">\n\t\t\t\t\t\t\tCOMMENCER\n\t\t\t\t\t<\/a>\n<h2>\n\t\tJoignez-vous \u00e0 nous et visez l&#8217;or.\n\t<\/h2>\n\t<h3>Communiquez avec l&#8217;un de nos repr\u00e9sentants du service aux franchises aujourd&#8217;hui.<\/h3>\n\t\t\t<a href=\"http:\/\/franchisesales.c21.ca\/letstalk\" target=\"_self\" role=\"button\" rel=\"noopener\">\n\t\t\t\t\t\t\tCOMMENCER\n\t\t\t\t\t<\/a>\n\n","protected":false},"excerpt":{"rendered":"<p>NOUS AVONS R\u00c9SERV\u00c9 LE MEILLEUR POUR LA FIN Voici les prochaines \u00e9tapes \u00c9TAPE 1 : Demande de franchise :\u00a0\u00c7a commence par la demande d&#8217;acquisition de franchise! Le formulaire de demande de franchise est accessible en format PDF et est imprimable sur demande. Il s&#8217;agit d&#8217;une belle occasion pour vous de vous pr\u00e9senter et pour nous [&hellip;]<\/p>\n","protected":false},"author":2,"featured_media":0,"parent":0,"menu_order":0,"comment_status":"closed","ping_status":"closed","template":"","meta":{"footnotes":""},"class_list":["post-631","page","type-page","status-publish","hentry"],"_links":{"self":[{"href":"https:\/\/franchisesales.c21.ca\/fr-ca\/wp-json\/wp\/v2\/pages\/631","targetHints":{"allow":["GET"]}}],"collection":[{"href":"https:\/\/franchisesales.c21.ca\/fr-ca\/wp-json\/wp\/v2\/pages"}],"about":[{"href":"https:\/\/franchisesales.c21.ca\/fr-ca\/wp-json\/wp\/v2\/types\/page"}],"author":[{"embeddable":true,"href":"https:\/\/franchisesales.c21.ca\/fr-ca\/wp-json\/wp\/v2\/users\/2"}],"replies":[{"embeddable":true,"href":"https:\/\/franchisesales.c21.ca\/fr-ca\/wp-json\/wp\/v2\/comments?post=631"}],"version-history":[{"count":4,"href":"https:\/\/franchisesales.c21.ca\/fr-ca\/wp-json\/wp\/v2\/pages\/631\/revisions"}],"predecessor-version":[{"id":707,"href":"https:\/\/franchisesales.c21.ca\/fr-ca\/wp-json\/wp\/v2\/pages\/631\/revisions\/707"}],"wp:attachment":[{"href":"https:\/\/franchisesales.c21.ca\/fr-ca\/wp-json\/wp\/v2\/media?parent=631"}],"curies":[{"name":"wp","href":"https:\/\/api.w.org\/{rel}","templated":true}]}}