{"id":635,"date":"2021-06-15T10:03:59","date_gmt":"2021-06-15T17:03:59","guid":{"rendered":"https:\/\/franchisesales.c21.ca\/letstalk"},"modified":"2025-12-01T11:44:15","modified_gmt":"2025-12-01T19:44:15","slug":"parlons-en","status":"publish","type":"page","link":"https:\/\/franchisesales.c21.ca\/fr-ca\/parlons-en","title":{"rendered":"Parlons-en"},"content":{"rendered":"\n<h1>\n\t\tPOURQUOI SE CONTENTER DE MOINS QUE DE L&#8217;OR\n\t<\/h1>\n\tEn rejoignant le syst\u00e8me\u00a0C21, vous<br \/>\navez tout ce qu&#8217;il faut pour r\u00e9ussir.\n<h2>\n\t\tCommuniquez avec nos repr\u00e9sentants du service aux franchises\n\t<\/h2>\n<p>Nous aimerions mieux comprendre vos objectifs et vous aider \u00e0 dresser un plan qui transformera votre entreprise.<\/p>\n\t\t\t\t<img decoding=\"async\" src=\"https:\/\/franchisesales.c21.ca\/files\/bb-plugin\/cache\/Sebastien-Bonnerot_Circle-circle.png\" alt=\"Sebastien Bonnerot\" title=\"Sebastien Bonnerot_Circle\" itemprop=\"image\"\/>\n\t\t<h5>S\u00e9bastien Bonnerot<\/h5><h3>VICE-PR\u00c9SIDENT PRINCIPAL, CROISSANCE STRAT\u00c9GIQUE<\/h3>\t\t\t\n\t\t\t\t<a href=\"tel:  819.328.6111\" target=\"_self\">T\u00e9l. : 819.328.6111<\/a>\t\t\t\n\t\t\t\t<img decoding=\"async\" src=\"https:\/\/franchisesales.c21.ca\/files\/bb-plugin\/cache\/GARY-ZALEPA-circle.png\" alt=\"GARY ZALEPA Senior Vice President, Network Development\" title=\"GARY-ZALEPA\" itemprop=\"image\"\/>\n\t\t<h5>Gary Zalepa<\/h5><h3>VICE-PR\u00c9SIDENT PRINCIPAL, D\u00c9VELOPPEMENT DU R\u00c9SEAU <\/h3>\t\t\t\n\t\t\t\t<a href=\"tel:  416.524.4592\" target=\"_self\">T\u00e9l. : 416.524.4592<\/a>\t\t\t\n\n","protected":false},"excerpt":{"rendered":"<p>POURQUOI SE CONTENTER DE MOINS QUE DE L&#8217;OR En rejoignant le syst\u00e8me\u00a0C21, vous avez tout ce qu&#8217;il faut pour r\u00e9ussir. Communiquez avec nos repr\u00e9sentants du service aux franchises Nous aimerions mieux comprendre vos objectifs et vous aider \u00e0 dresser un plan qui transformera votre entreprise. S\u00e9bastien Bonnerot VICE-PR\u00c9SIDENT PRINCIPAL, CROISSANCE STRAT\u00c9GIQUE T\u00e9l. : 819.328.6111 Gary [&hellip;]<\/p>\n","protected":false},"author":2,"featured_media":0,"parent":0,"menu_order":0,"comment_status":"closed","ping_status":"closed","template":"","meta":{"footnotes":""},"class_list":["post-635","page","type-page","status-publish","hentry"],"_links":{"self":[{"href":"https:\/\/franchisesales.c21.ca\/fr-ca\/wp-json\/wp\/v2\/pages\/635","targetHints":{"allow":["GET"]}}],"collection":[{"href":"https:\/\/franchisesales.c21.ca\/fr-ca\/wp-json\/wp\/v2\/pages"}],"about":[{"href":"https:\/\/franchisesales.c21.ca\/fr-ca\/wp-json\/wp\/v2\/types\/page"}],"author":[{"embeddable":true,"href":"https:\/\/franchisesales.c21.ca\/fr-ca\/wp-json\/wp\/v2\/users\/2"}],"replies":[{"embeddable":true,"href":"https:\/\/franchisesales.c21.ca\/fr-ca\/wp-json\/wp\/v2\/comments?post=635"}],"version-history":[{"count":11,"href":"https:\/\/franchisesales.c21.ca\/fr-ca\/wp-json\/wp\/v2\/pages\/635\/revisions"}],"predecessor-version":[{"id":1119,"href":"https:\/\/franchisesales.c21.ca\/fr-ca\/wp-json\/wp\/v2\/pages\/635\/revisions\/1119"}],"wp:attachment":[{"href":"https:\/\/franchisesales.c21.ca\/fr-ca\/wp-json\/wp\/v2\/media?parent=635"}],"curies":[{"name":"wp","href":"https:\/\/api.w.org\/{rel}","templated":true}]}}