{"id":652,"date":"2022-04-22T11:28:34","date_gmt":"2022-04-22T18:28:34","guid":{"rendered":"https:\/\/franchisesales.c21.ca\/technology-copy"},"modified":"2022-11-30T16:51:36","modified_gmt":"2022-12-01T00:51:36","slug":"technologie","status":"publish","type":"page","link":"https:\/\/franchisesales.c21.ca\/fr-ca\/technologie","title":{"rendered":"Technologie"},"content":{"rendered":"\n<h1>\n\t\tTECHONOLOGIE NOVATRICE\n\t<\/h1>\n\tDominez le march\u00e9 \u00e0 l&#8217;aide<br \/>\nde notre technologie r\u00e9volutionnaire.\n<h2>\n\t\tNotre technologie change la donne\n\t<\/h2>\n\t\t\t\t\t\t\t\t\t\t\t<img decoding=\"async\" src=\"https:\/\/www.c21.ca\/files\/2021\/06\/BAYmockup@1400-842x1024-1.jpeg\" alt=\"\"\/>\n\t\t\t\t\t<h4><strong>Back At You Media<\/strong><\/h4><p>\u00a0Nous fournissons \u00e0 toutes nos agences et \u00e0 tous nos courtiers immobiliers une solution de m\u00e9dias sociaux int\u00e9gr\u00e9e au service MLS\u00ae. R\u00e9sultat\u00a0: vous g\u00e9n\u00e9rez plus de clients potentiels en moins de temps.<\/p>\t\t\t\t\t\n\t\t\t\t\t\t\t\t\t\t\t<img decoding=\"async\" src=\"https:\/\/franchisesales.c21.ca\/files\/2022\/11\/Testimonial-Tree_FR.jpg\" alt=\"Testimonial-Tree_FR\"\/>\n\t\t\t\t\t<p>Forgez-vous une r\u00e9putation avec TestimonialTree. Recueillez et g\u00e9rez les t\u00e9moignages de vos clients, puis diffusez facilement les r\u00e9sultats en ligne.<\/p>\t\t\t\t\t\n\t\t\t\t\t\t\t\t\t\t\t<img decoding=\"async\" src=\"https:\/\/franchisesales.c21.ca\/files\/2022\/11\/googlemockup_FR.jpg\" alt=\"googlemockup_FR\"\/>\n\t\t\t\t\t<p>Une plateforme in\u00e9gal\u00e9e qui comprend un bureau virtuel avec stockage, feuilles de calcul, pr\u00e9sentations, calendrier et autres! Cette plateforme de courriel est int\u00e9gr\u00e9e \u00e0 des dizaines d&#8217;outils ainsi qu&#8217;\u00e0 la plateforme technologique de C21.<\/p>\t\t\t\t\t\n\t\t\t\t\t\t\t\t\t\t\t<img decoding=\"async\" src=\"https:\/\/franchisesales.c21.ca\/files\/2022\/11\/Zillow_Mock_FR.jpg\" alt=\"Zillow_Mock_FR\"\/>\n\t\t\t\t\t<p>Nous sommes la premi\u00e8re entreprise canadienne \u00e0 former un partenariat avec Zillow, le site Web immobilier le plus important aux \u00c9tats-Unis. Cette collaboration permettra \u00e0 des millions d&#8217;acheteurs qui consultent le site Web de Zillow tous les mois d&#8217;acc\u00e9der aux inscriptions canadiennes. Nos courtiers immobiliers recevront des inscriptions comportant la marque, un profil\u00a0C21 sur Zillow et des clients potentiels issus de leurs inscriptions.<\/p>\t\t\t\t\t\n\t\t\t\t\t\t\t\t\t\t\t<img decoding=\"async\" src=\"https:\/\/franchisesales.c21.ca\/files\/2022\/11\/Bombbomb_FR.jpg\" alt=\"Bombbomb_FR\"\/>\n\t\t\t\t\t<p>BombBomb\u00ae vous permet d&#8217;envoyer des messages vid\u00e9o personnalis\u00e9s \u00e0 votre sph\u00e8re d&#8217;influence. Nous vous fournissons une biblioth\u00e8que de contenu adapt\u00e9 \u00e0 l&#8217;identit\u00e9 de la marque ainsi qu&#8217;un syst\u00e8me automatis\u00e9 qui vous aidera \u00e0 obtenir davantage de rendez-vous et \u00e0 convertir davantage de courtiers immobiliers \u00e0 votre entreprise.<\/p>\t\t\t\t\t\n\t\t\t\t\t\t\t\t\t\t\t<img decoding=\"async\" src=\"https:\/\/franchisesales.c21.ca\/files\/2022\/11\/HUB21_FR.jpg\" alt=\"HUB21_FR\"\/>\n\t\t\t\t\t<p>D\u00e9veloppez votre entreprise gr\u00e2ce \u00e0 des technologies et des outils de marketing r\u00e9volutionnaires fournis par MoxiWorks. Notre nouvelle plateforme\u00a0HUB21 offre \u00e0 chaque courtier immobilier de C21 des sites Web personnalisables, une gestion des clients potentiels et une gestion de la client\u00e8le, des pr\u00e9sentations pour les clients, y compris un rapport d&#8217;analyse de march\u00e9 comparable en temps r\u00e9el, et un centre de marketing. Ce syst\u00e8me permet aux membres de notre r\u00e9seau de g\u00e9n\u00e9rer davantage de clients potentiels, de remporter plus d&#8217;inscriptions, de grandir leur r\u00e9seau de r\u00e9f\u00e9rences et d&#8217;offrir un service de qualit\u00e9 aux clients.<\/p>\t\t\t\t\t\n\t\t\t<img decoding=\"async\" loading='false' src=\"https:\/\/franchisesales.c21.ca\/files\/2021\/07\/BAYmockup@1400-842x1024-1.jpeg\" alt=\"\" \/>\t\t\t\n\t\t\t\t<h2>Back at You Media<\/h2><p>Nous fournissons \u00e0 toutes nos agences et \u00e0 tous nos courtiers immobiliers une solution de m\u00e9dias sociaux int\u00e9gr\u00e9e au service MLS\u00ae. R\u00e9sultat\u00a0: vous g\u00e9n\u00e9rez plus de clients potentiels en moins de temps.<\/p>\n<img decoding=\"async\" loading='false' src=\"https:\/\/franchisesales.c21.ca\/files\/2021\/07\/BAYmockup@1400-842x1024-1.jpeg\" alt=\"\" \/>\t\t\t\n\t\t\t<img decoding=\"async\" loading='false' src=\"https:\/\/franchisesales.c21.ca\/files\/2022\/11\/Zillow_Mock_FR.jpg\" alt=\"\" \/>\t\t\t\n\t\t\t\t<h2>Zillow<\/h2><p>Nous sommes la premi\u00e8re entreprise canadienne \u00e0 former un partenariat avec Zillow, le site Web immobilier le plus important aux \u00c9tats-Unis. Cette collaboration permettra \u00e0 des millions d&#8217;acheteurs qui consultent le site Web de Zillow tous les mois d&#8217;acc\u00e9der aux inscriptions canadiennes. Nos courtiers immobiliers recevront des inscriptions comportant la marque, un profil\u00a0C21 sur Zillow et des clients potentiels issus de leurs inscriptions.<\/p>\n<img decoding=\"async\" loading='false' src=\"https:\/\/franchisesales.c21.ca\/files\/2022\/11\/Zillow_Mock_FR.jpg\" alt=\"\" \/>\t\t\t\n\t\t\t<img decoding=\"async\" loading='false' src=\"https:\/\/franchisesales.c21.ca\/files\/2022\/11\/Bombbomb_FR.jpg\" alt=\"\" \/>\t\t\t\n\t\t\t\t<h2>BombBomb\u00ae<\/h2><p>BombBomb\u00ae vous permet d&#8217;envoyer des messages vid\u00e9o personnalis\u00e9s \u00e0 votre sph\u00e8re d&#8217;influence. Nous vous fournissons une biblioth\u00e8que de contenu adapt\u00e9 \u00e0 l&#8217;identit\u00e9 de la marque ainsi qu&#8217;un syst\u00e8me automatis\u00e9 qui vous aidera \u00e0 obtenir davantage de rendez-vous et \u00e0 convertir davantage de courtiers immobiliers \u00e0 votre entreprise.<\/p>\n<img decoding=\"async\" loading='false' src=\"https:\/\/franchisesales.c21.ca\/files\/2022\/11\/Bombbomb_FR.jpg\" alt=\"\" \/>\t\t\t\n\t\t\t<img decoding=\"async\" loading='false' src=\"https:\/\/franchisesales.c21.ca\/files\/2022\/11\/Testimonial-Tree_FR.jpg\" alt=\"\" \/>\t\t\t\n\t\t\t\t<h2>RealSatisfied\u00ae<\/h2><p>Forgez-vous une r\u00e9putation avec TestimonialTree. Recueillez et g\u00e9rez les t\u00e9moignages de vos clients, puis diffusez facilement les r\u00e9sultats en ligne.<\/p>\n<img decoding=\"async\" loading='false' src=\"https:\/\/franchisesales.c21.ca\/files\/2022\/11\/Testimonial-Tree_FR.jpg\" alt=\"\" \/>\t\t\t\n\t\t\t<img decoding=\"async\" loading='false' src=\"https:\/\/franchisesales.c21.ca\/files\/2022\/11\/googlemockup_FR.jpg\" alt=\"\" \/>\t\t\t\n\t\t\t\t<h2>Courriel et syst\u00e8me de programmation<\/h2><p>Une plateforme in\u00e9gal\u00e9e qui comprend un bureau virtuel avec stockage, feuilles de calcul, pr\u00e9sentations, calendrier et autres! Cette plateforme de courriel est int\u00e9gr\u00e9e \u00e0 des dizaines d&#8217;outils ainsi qu&#8217;\u00e0 la plateforme technologique de C21.<\/p>\n<img decoding=\"async\" loading='false' src=\"https:\/\/franchisesales.c21.ca\/files\/2022\/11\/googlemockup_FR.jpg\" alt=\"\" \/>\t\t\t\n\t\t\t<img decoding=\"async\" loading='false' src=\"https:\/\/franchisesales.c21.ca\/files\/2022\/11\/HUB21_FR.jpg\" alt=\"\" \/>\t\t\t\n\t\t\t\t<h2>HUB21<\/h2><p>D\u00e9veloppez votre entreprise gr\u00e2ce \u00e0 des technologies et des outils de marketing r\u00e9volutionnaires fournis par MoxiWorks. Notre nouvelle plateforme\u00a0HUB21 offre \u00e0 chaque courtier immobilier de C21 des sites Web personnalisables, une gestion des clients potentiels et une gestion de la client\u00e8le, des pr\u00e9sentations pour les clients, y compris un rapport d&#8217;analyse de march\u00e9 comparable en temps r\u00e9el, et un centre de marketing. Ce syst\u00e8me permet aux membres de notre r\u00e9seau de g\u00e9n\u00e9rer davantage de clients potentiels, de remporter plus d&#8217;inscriptions, de grandir leur r\u00e9seau de r\u00e9f\u00e9rences et d&#8217;offrir un service de qualit\u00e9 aux clients.<\/p>\n<img decoding=\"async\" loading='false' src=\"https:\/\/franchisesales.c21.ca\/files\/2022\/11\/HUB21_FR.jpg\" alt=\"\" \/>\t\t\t\n\t<h4>\u00ab\u2009La plateforme technologique de C21 nous donne un avantage concurrentiel puissant aupr\u00e8s des clients et des recrues.\u2009\u00bb<\/h4>\n\t\t\t\t<img decoding=\"async\" src=\"https:\/\/www.c21.ca\/files\/2021\/06\/pic23037-150x150.jpeg\" alt=\"pic23037\" itemprop=\"image\" height=\"150\" width=\"150\" title=\"pic23037\" onerror=\"this.style.display='none'\"  \/>\n\t<h3>Paul Baron | Propri\u00e9taire<\/h3>\n\t<h3>CENTURY 21 Leading Edge Realty Inc. | Toronto (Ontario)<\/h3>\n\t\t\t<a href=\"https:\/\/franchisesales.c21.ca\/fr-ca\/formation-coaching\" target=\"_self\" role=\"button\" rel=\"noopener\">\n\t\t\t\t\t\t\tSUIVANT : FORMATION ET COACHING\n\t\t\t\t\t<\/a>\n<h2>\n\t\tPOURQUOI CHOISIR C21?\n\t<\/h2>\n<h2>\n\t\tJoignez-vous \u00e0\n\t<\/h2>\n<h2>\n\t\tnous et visez l&#8217;or.\n\t<\/h2>\n\t<h3>Communiquez avec l&#8217;un de nos repr\u00e9sentants du service aux franchises aujourd&#8217;hui.<\/h3>\n\t\t\t<a href=\"https:\/\/franchisesales.c21.ca\/fr-ca\/parlons-en\" target=\"_self\" role=\"button\" rel=\"noopener\">\n\t\t\t\t\t\t\tCOMMENCER\n\t\t\t\t\t<\/a>\n<h2>\n\t\tJoignez-vous \u00e0 nous et visez l&#8217;or.\n\t<\/h2>\n\t<h3>Communiquez avec l&#8217;un de nos repr\u00e9sentants du service aux franchises aujourd&#8217;hui.<\/h3>\n\t\t\t<a href=\"http:\/\/franchisesales.c21.ca\/letstalk\" target=\"_self\" role=\"button\" rel=\"noopener\">\n\t\t\t\t\t\t\tCOMMENCER\n\t\t\t\t\t<\/a>\n\n","protected":false},"excerpt":{"rendered":"<p>TECHONOLOGIE NOVATRICE Dominez le march\u00e9 \u00e0 l&#8217;aide de notre technologie r\u00e9volutionnaire. Notre technologie change la donne Back At You Media \u00a0Nous fournissons \u00e0 toutes nos agences et \u00e0 tous nos courtiers immobiliers une solution de m\u00e9dias sociaux int\u00e9gr\u00e9e au service MLS\u00ae. R\u00e9sultat\u00a0: vous g\u00e9n\u00e9rez plus de clients potentiels en moins de temps. Forgez-vous une r\u00e9putation [&hellip;]<\/p>\n","protected":false},"author":77,"featured_media":0,"parent":0,"menu_order":0,"comment_status":"closed","ping_status":"closed","template":"","meta":{"footnotes":""},"class_list":["post-652","page","type-page","status-publish","hentry"],"_links":{"self":[{"href":"https:\/\/franchisesales.c21.ca\/fr-ca\/wp-json\/wp\/v2\/pages\/652","targetHints":{"allow":["GET"]}}],"collection":[{"href":"https:\/\/franchisesales.c21.ca\/fr-ca\/wp-json\/wp\/v2\/pages"}],"about":[{"href":"https:\/\/franchisesales.c21.ca\/fr-ca\/wp-json\/wp\/v2\/types\/page"}],"author":[{"embeddable":true,"href":"https:\/\/franchisesales.c21.ca\/fr-ca\/wp-json\/wp\/v2\/users\/77"}],"replies":[{"embeddable":true,"href":"https:\/\/franchisesales.c21.ca\/fr-ca\/wp-json\/wp\/v2\/comments?post=652"}],"version-history":[{"count":10,"href":"https:\/\/franchisesales.c21.ca\/fr-ca\/wp-json\/wp\/v2\/pages\/652\/revisions"}],"predecessor-version":[{"id":870,"href":"https:\/\/franchisesales.c21.ca\/fr-ca\/wp-json\/wp\/v2\/pages\/652\/revisions\/870"}],"wp:attachment":[{"href":"https:\/\/franchisesales.c21.ca\/fr-ca\/wp-json\/wp\/v2\/media?parent=652"}],"curies":[{"name":"wp","href":"https:\/\/api.w.org\/{rel}","templated":true}]}}